{"id":4174,"date":"2019-02-20T14:04:26","date_gmt":"2019-02-20T14:04:26","guid":{"rendered":"http:\/\/localhost:8888\/themes\/novice\/?page_id=4174"},"modified":"2020-11-24T16:28:48","modified_gmt":"2020-11-24T16:28:48","slug":"etkinlik-cozumleri","status":"publish","type":"page","link":"https:\/\/event.galatabox.com\/tr\/","title":{"rendered":"Anasayfa"},"content":{"rendered":"<p>[vc_row type=&#8221;full_width_section&#8221; bg_position=&#8221;left top&#8221;][vc_column width=&#8221;1\/1&#8243;][rev_slider_vc alias=&#8221;2020tr&#8221;][\/vc_column][\/vc_row][vc_row bg_color=&#8221;#6f2282&#8243; top_padding=&#8221;40&#8243; bottom_padding=&#8221;40&#8243; bg_position=&#8221;center top&#8221;][vc_column animation=&#8221;fade-in-from-top&#8221; width=&#8221;1\/1&#8243;][vc_column_text]<\/p>\n<h1><span style=\"color: #ffffff;\">NEDEN GALATABOX<\/span><\/h1>\n<h4 class=\"p1\"><span style=\"color: #ffffff;\">Turizm sekt\u00f6r\u00fcndeki 25 y\u0131ll\u0131k tecr\u00fcbemizi \u201cGalatabox\u201d \u00e7at\u0131s\u0131 alt\u0131nda yeniden yorumlayarak, ilk g\u00fcnk\u00fc keyif ve heyecanla organizasyonlar\u0131n\u0131z\u0131 ger\u00e7ekle\u015ftirmeye devam ediyoruz.<\/span><\/h4>\n<h4 class=\"p1\"><span style=\"color: #ffffff;\">Hizmet verdi\u011fimiz kurumlar ile ayn\u0131 tarafta yer alarak, tak\u0131m ruhunu organizasyonun her a\u015famas\u0131nda hissediyoruz. \u0130htiya\u00e7lar\u0131n\u0131z\u0131 do\u011fru analiz edip, etkinliklerinize \u00f6zel \u00e7\u00f6z\u00fcmler \u00fcretiyoruz. Organizasyonlar\u0131n\u0131zda verilmesi hedeflenen mesaj\u0131n, kat\u0131l\u0131mc\u0131lar\u0131n\u0131za do\u011fru \u015fekilde aktar\u0131lmas\u0131n\u0131 sa\u011fl\u0131yoruz.<\/span><\/h4>\n<p>[\/vc_column_text][\/vc_column][\/vc_row][vc_row section_arrow=&#8221;false&#8221; top_padding=&#8221;100&#8243; bottom_padding=&#8221;100&#8243; bg_position=&#8221;left top&#8221;][vc_column animation=&#8221;fade-in-from-top&#8221; width=&#8221;1\/3&#8243;]<div class=\"iconbox  wpb_content_element iconbox-style-2 icon-color-accent color-dark clearfix\"><div class=\"iconbox-icon\"><i class=\"fa sl-directions boxicon\" style=\"\"><\/i><\/div><div class=\"iconbox-content\"><h3>\u0130\u015f Tan\u0131m\u0131<\/h3><p>\u0130htiya\u00e7 duydu\u011funuz organizasyonla ilgili, t\u00fcm detaylar\u0131 \u00f6\u011frenerek tam olarak ihtiya\u00e7 duydu\u011funuz noktay\u0131 analiz ederiz.<\/p><\/div><\/div>[\/vc_column][vc_column animation=&#8221;fade-in-from-top&#8221; width=&#8221;1\/3&#8243;]<div class=\"iconbox  wpb_content_element iconbox-style-2 icon-color-accent color-dark clearfix\"><div class=\"iconbox-icon\"><i class=\"fa sl-layers boxicon\" style=\"\"><\/i><\/div><div class=\"iconbox-content\"><h3>Planlama<\/h3><p>\n<p class=\"p1\">Organizasyon senaryosunu olu\u015fturarak, sizin i\u00e7in en efektif \u00e7\u00f6z\u00fcm\u00fc belirleriz.<\/p>\n<\/p><\/div><\/div>[\/vc_column][vc_column animation=&#8221;fade-in-from-top&#8221; width=&#8221;1\/3&#8243;]<div class=\"iconbox  wpb_content_element iconbox-style-2 icon-color-accent color-dark clearfix\"><div class=\"iconbox-icon\"><i class=\"fa fa-check-square-o boxicon\" style=\"\"><\/i><\/div><div class=\"iconbox-content\"><h3>Teklif olu\u015fturma<\/h3><p>\n<p class=\"p1\">Uygun olan tedarik\u00e7ilerle g\u00f6r\u00fc\u015ferek, organizasyon\/fiyat dengesini olu\u015ftururuz.<\/p>\n<\/p><\/div><\/div>[\/vc_column][\/vc_row][vc_row section_arrow=&#8221;false&#8221; top_padding=&#8221;-34&#8243; bottom_padding=&#8221;100&#8243; bg_position=&#8221;left top&#8221;][vc_column animation=&#8221;fade-in-from-top&#8221; width=&#8221;1\/6&#8243;][\/vc_column][vc_column animation=&#8221;fade-in-from-top&#8221; width=&#8221;2\/6&#8243;]<div class=\"iconbox  wpb_content_element iconbox-style-2 icon-color-accent color-dark clearfix\"><div class=\"iconbox-icon\"><i class=\"fa sl-size-actual boxicon\" style=\"\"><\/i><\/div><div class=\"iconbox-content\"><h3>Operasyon<\/h3><p>\n<p class=\"p1\">Organizasyon ba\u015flamadan \u00f6nce haz\u0131rl\u0131klar\u0131n tamamland\u0131\u011f\u0131ndan, toplant\u0131 s\u00fcresinde ak\u0131\u015f\u0131n m\u00fckemmel bi\u00e7imde i\u015fledi\u011finden, olas\u0131 ek ihtiya\u00e7lar\u0131n tam ve eksiksiz kar\u015f\u0131land\u0131\u011f\u0131ndan emin oluruz.<\/p>\n<\/p><\/div><\/div>[\/vc_column][vc_column animation=&#8221;fade-in-from-top&#8221; width=&#8221;2\/6&#8243;]<div class=\"iconbox  wpb_content_element iconbox-style-2 icon-color-accent color-dark clearfix\"><div class=\"iconbox-icon\"><i class=\"fa sl-size-fullscreen boxicon\" style=\"\"><\/i><\/div><div class=\"iconbox-content\"><h3>Takip<\/h3><p>\n<p class=\"p1\">Organizasyon sonras\u0131nda misafir d\u00f6n\u00fc\u015flerini en ciddi \u015fekilde de\u011ferlendirip, sonraki organizasyonlar i\u00e7in gerekli haz\u0131rl\u0131klar\u0131m\u0131z\u0131 yapar\u0131z.<\/p>\n<\/p><\/div><\/div>[\/vc_column][vc_column width=&#8221;1\/6&#8243;][\/vc_column][\/vc_row][vc_row type=&#8221;full_width_section&#8221; bg_color=&#8221;#6f2282&#8243; top_padding=&#8221;0&#8243; bottom_padding=&#8221;0&#8243; bg_position=&#8221;left top&#8221;][vc_column animation=&#8221;fade-in-from-top&#8221; width=&#8221;1\/2&#8243;]<div class=\"flexslider wpb_content_element\"><ul class=\"slides\"><li><img src=\"https:\/\/event.galatabox.com\/wp-content\/uploads\/2019\/03\/GB-businesIMG_6409-1.jpg\" alt=\"\" \/><\/li><li><img src=\"https:\/\/event.galatabox.com\/wp-content\/uploads\/2019\/03\/ANA-SAYFA-SOL-ALT-SLIDER-2-1-2.jpg\" alt=\"\" \/><\/li><li><img src=\"https:\/\/event.galatabox.com\/wp-content\/uploads\/2019\/03\/ANA-SAYFA-SOL-ALT-SLIDER-1-.jpg\" alt=\"\" \/><\/li><\/ul><\/div>[\/vc_column][vc_column animation=&#8221;fade-in-from-top&#8221; bg_color=&#8221;#8224e3&#8243; width=&#8221;1\/2&#8243;]<div class=\"flexslider wpb_content_element\"><ul class=\"slides\"><li><img src=\"https:\/\/event.galatabox.com\/wp-content\/uploads\/2019\/03\/siirt-2019-03-16-1280-853.jpg\" alt=\"\" \/><\/li><li><img src=\"https:\/\/event.galatabox.com\/wp-content\/uploads\/2019\/02\/30-Kas\u0131m-2017-Alt\u0131n-Kar\u0131nca-Belediyecilik-O\u0308du\u0308lleri-1-.jpg\" alt=\"\" \/><\/li><li><img src=\"https:\/\/event.galatabox.com\/wp-content\/uploads\/2019\/02\/23-S\u0327ubat-2018-Ku\u0308reselles\u0327me-ve-Kent-Ag\u0306lar\u0131-Bulus\u0327mas\u0131-3-.jpg\" alt=\"\" \/><\/li><\/ul><\/div>[\/vc_column][\/vc_row][vc_row top_padding=&#8221;100&#8243; bottom_padding=&#8221;100&#8243; bg_position=&#8221;left top&#8221;][vc_column animation=&#8221;fade-in-from-top&#8221; width=&#8221;1\/6&#8243;][\/vc_column][vc_column width=&#8221;2\/3&#8243;]<h5 class=\"headline font-special fontsize-xl fontweight-700 lh-inherit align-center transform-uppercase \" style=\"margin: 0 0 20px 0;\">S\u0130ZE NELER SUNUYORUZ<\/h5>[vc_column_text]<\/p>\n<h4 style=\"text-align: center;\"><span style=\"color: #000000;\">Sadece i\u015finize odakland\u0131\u011f\u0131n\u0131z, her evresinde sorumluluk ta\u015f\u0131d\u0131\u011f\u0131m\u0131z bir organizasyon g\u00fcndemi takip ederek, sizin i\u00e7in en ideal organizasyon ortam\u0131n\u0131 sunuyoruz.<\/span><\/h4>\n<p>[\/vc_column_text][\/vc_column][vc_column width=&#8221;1\/6&#8243;][\/vc_column][\/vc_row][vc_row type=&#8221;full_width_section&#8221;][vc_column width=&#8221;1\/3&#8243;][\/vc_column][vc_column animation=&#8221;fade-in&#8221; text_align=&#8221;center&#8221; width=&#8221;1\/3&#8243;][vc_column_text]<span class=\"tooltips\"><a href=\"#\" title=\"A GRUBU 11103\" onclick=\"return false\"><img loading=\"lazy\" class=\"alignnone size-full wp-image-12108\" src=\"http:\/\/event.galatabox.com\/wp-content\/uploads\/2019\/03\/TURSAB_LOGO-76PX.png\" alt=\"logo5\" width=\"117\" height=\"71\" \/><\/a><\/span>[\/vc_column_text][\/vc_column][vc_column width=&#8221;1\/3&#8243;][\/vc_column][\/vc_row][vc_column][\/vc_column]<\/p>","protected":false},"excerpt":{"rendered":"<p>[vc_row type=&#8221;full_width_section&#8221; bg_position=&#8221;left top&#8221;][vc_column width=&#8221;1\/1&#8243;][rev_slider_vc alias=&#8221;2020tr&#8221;][\/vc_column][\/vc_row][vc_row bg_color=&#8221;#6f2282&#8243; top_padding=&#8221;40&#8243; bottom_padding=&#8221;40&#8243; bg_position=&#8221;center top&#8221;][vc_column animation=&#8221;fade-in-from-top&#8221; width=&#8221;1\/1&#8243;][vc_column_text] NEDEN GALATABOX Turizm sekt\u00f6r\u00fcndeki 25 y\u0131ll\u0131k tecr\u00fcbemizi \u201cGalatabox\u201d \u00e7at\u0131s\u0131 alt\u0131nda yeniden yorumlayarak, ilk g\u00fcnk\u00fc keyif ve heyecanla organizasyonlar\u0131n\u0131z\u0131 ger\u00e7ekle\u015ftirmeye devam ediyoruz. Hizmet verdi\u011fimiz kurumlar ile ayn\u0131 tarafta yer alarak, tak\u0131m ruhunu organizasyonun her a\u015famas\u0131nda hissediyoruz. \u0130htiya\u00e7lar\u0131n\u0131z\u0131 do\u011fru analiz edip, etkinliklerinize \u00f6zel \u00e7\u00f6z\u00fcmler \u00fcretiyoruz. Organizasyonlar\u0131n\u0131zda verilmesi hedeflenen mesaj\u0131n, kat\u0131l\u0131mc\u0131lar\u0131n\u0131za do\u011fru \u015fekilde aktar\u0131lmas\u0131n\u0131 sa\u011fl\u0131yoruz. [\/vc_column_text][\/vc_column][\/vc_row][vc_row section_arrow=&#8221;false&#8221; top_padding=&#8221;100&#8243; bottom_padding=&#8221;100&#8243; bg_position=&#8221;left top&#8221;][vc_column animation=&#8221;fade-in-from-top&#8221; width=&#8221;1\/3&#8243;][\/vc_column][vc_column animation=&#8221;fade-in-from-top&#8221; width=&#8221;1\/3&#8243;][\/vc_column][vc_column animation=&#8221;fade-in-from-top&#8221; width=&#8221;1\/3&#8243;][\/vc_column][\/vc_row][vc_row section_arrow=&#8221;false&#8221; top_padding=&#8221;-34&#8243; bottom_padding=&#8221;100&#8243; bg_position=&#8221;left top&#8221;][vc_column animation=&#8221;fade-in-from-top&#8221; width=&#8221;1\/6&#8243;][\/vc_column][vc_column animation=&#8221;fade-in-from-top&#8221; width=&#8221;2\/6&#8243;][\/vc_column][vc_column animation=&#8221;fade-in-from-top&#8221; width=&#8221;2\/6&#8243;][\/vc_column][vc_column width=&#8221;1\/6&#8243;][\/vc_column][\/vc_row][vc_row type=&#8221;full_width_section&#8221; bg_color=&#8221;#6f2282&#8243; top_padding=&#8221;0&#8243; bottom_padding=&#8221;0&#8243; bg_position=&#8221;left top&#8221;][vc_column animation=&#8221;fade-in-from-top&#8221; width=&#8221;1\/2&#8243;][\/vc_column][vc_column animation=&#8221;fade-in-from-top&#8221; bg_color=&#8221;#8224e3&#8243; width=&#8221;1\/2&#8243;][\/vc_column][\/vc_row][vc_row top_padding=&#8221;100&#8243; bottom_padding=&#8221;100&#8243; bg_position=&#8221;left top&#8221;][vc_column animation=&#8221;fade-in-from-top&#8221; width=&#8221;1\/6&#8243;][\/vc_column][vc_column width=&#8221;2\/3&#8243;][vc_column_text] Sadece i\u015finize odakland\u0131\u011f\u0131n\u0131z, her evresinde sorumluluk ta\u015f\u0131d\u0131\u011f\u0131m\u0131z bir organizasyon g\u00fcndemi takip ederek, sizin i\u00e7in en ideal organizasyon ortam\u0131n\u0131 sunuyoruz. [\/vc_column_text][\/vc_column][vc_column width=&#8221;1\/6&#8243;][\/vc_column][\/vc_row][vc_row type=&#8221;full_width_section&#8221;][vc_column width=&#8221;1\/3&#8243;][\/vc_column][vc_column animation=&#8221;fade-in&#8221; text_align=&#8221;center&#8221; width=&#8221;1\/3&#8243;][vc_column_text][\/vc_column_text][\/vc_column][vc_column width=&#8221;1\/3&#8243;][\/vc_column][\/vc_row][vc_column][\/vc_column]<\/p>\n","protected":false},"author":1,"featured_media":0,"parent":0,"menu_order":0,"comment_status":"closed","ping_status":"open","template":"","meta":[],"_links":{"self":[{"href":"https:\/\/event.galatabox.com\/tr\/wp-json\/wp\/v2\/pages\/4174"}],"collection":[{"href":"https:\/\/event.galatabox.com\/tr\/wp-json\/wp\/v2\/pages"}],"about":[{"href":"https:\/\/event.galatabox.com\/tr\/wp-json\/wp\/v2\/types\/page"}],"author":[{"embeddable":true,"href":"https:\/\/event.galatabox.com\/tr\/wp-json\/wp\/v2\/users\/1"}],"replies":[{"embeddable":true,"href":"https:\/\/event.galatabox.com\/tr\/wp-json\/wp\/v2\/comments?post=4174"}],"version-history":[{"count":88,"href":"https:\/\/event.galatabox.com\/tr\/wp-json\/wp\/v2\/pages\/4174\/revisions"}],"predecessor-version":[{"id":15739,"href":"https:\/\/event.galatabox.com\/tr\/wp-json\/wp\/v2\/pages\/4174\/revisions\/15739"}],"wp:attachment":[{"href":"https:\/\/event.galatabox.com\/tr\/wp-json\/wp\/v2\/media?parent=4174"}],"curies":[{"name":"wp","href":"https:\/\/api.w.org\/{rel}","templated":true}]}}