{"id":11366,"date":"2019-02-19T14:49:53","date_gmt":"2019-02-19T14:49:53","guid":{"rendered":"http:\/\/localhost\/themes\/unicon_xml\/?page_id=11366"},"modified":"2020-11-24T16:32:41","modified_gmt":"2020-11-24T16:32:41","slug":"hizmetlerimiz","status":"publish","type":"page","link":"https:\/\/event.galatabox.com\/tr\/hizmetlerimiz\/","title":{"rendered":"Hizmetlerimiz"},"content":{"rendered":"<p>[vc_row bg_image=&#8221;15432&#8243; top_padding=&#8221;190&#8243; bottom_padding=&#8221;100&#8243;][vc_column width=&#8221;1\/3&#8243;]<div class=\"flip\"><div class=\"iconbox  iconbox-style-9 icon-color-accent color-dark card clearfix\"><div class=\"iconbox-box1 face front\"><table><tr><td><i class=\"fa sl-briefcase boxicon\" style=\"\"><\/i><h3>KURUMSAL ETK\u0130NL\u0130KLER<\/h3><\/td><\/tr><\/table><\/div><div class=\"iconbox-box2 face back\"><table><tr><td><h3>KURUMSAL ETK\u0130NL\u0130KLER<\/h3><p>\n<ul>\n<li style=\"text-align: left;\"><span style=\"color: #ffffff;\"><strong>Kongre, Toplant\u0131<\/strong><\/span><\/li>\n<li style=\"text-align: left;\"><span style=\"color: #ffffff;\"><strong> \u0130\u00e7erik Haz\u0131rlama<\/strong><\/span><\/li>\n<li style=\"text-align: left;\"><span style=\"color: #ffffff;\"><strong> Moderat\u00f6r, Konu\u015fmac\u0131 (Keynote) <\/strong><\/span><span style=\"color: #ffffff;\"><strong>Sunucu Organize Etme<\/strong><\/span><\/li>\n<li style=\"text-align: left;\"><span style=\"color: #ffffff;\"><strong>Dekor Tasar\u0131m\u0131, Kurumsal Bas\u0131l\u0131 \u0130\u015fler<\/strong><\/span><\/li>\n<li style=\"text-align: left;\"><span style=\"color: #ffffff;\"><strong>Teknik Ekipman Hizmetleri<\/strong><\/span><\/li>\n<\/ul>\n<\/p><\/td><\/tr><\/table><\/div><\/div><\/div>[\/vc_column][vc_column width=&#8221;1\/3&#8243;]<div class=\"flip\"><div class=\"iconbox  iconbox-style-9 icon-color-accent color-dark card clearfix\"><div class=\"iconbox-box1 face front\"><table><tr><td><i class=\"fa sl-users boxicon\" style=\"\"><\/i><h3>KONAKLAMA ve YEME-\u0130\u00c7ME ETK\u0130NL\u0130KLER\u0130<\/h3><\/td><\/tr><\/table><\/div><div class=\"iconbox-box2 face back\"><table><tr><td><h3>KONAKLAMA ve YEME-\u0130\u00c7ME ETK\u0130NL\u0130KLER\u0130<\/h3><p>\n<ul>\n<li style=\"text-align: left;\"><span style=\"color: #ffffff;\"><strong>Yurti\u00e7i ve Yurtd\u0131\u015f\u0131 Konaklama<\/strong><\/span><\/li>\n<li style=\"text-align: left;\"><span style=\"color: #ffffff;\"><strong>Yemek Organizasyonlar\u0131<\/strong><\/span><\/li>\n<li style=\"text-align: left;\"><span style=\"color: #ffffff;\"><strong>Catering Hizmetleri<\/strong><\/span><\/li>\n<\/ul>\n<\/p><\/td><\/tr><\/table><\/div><\/div><\/div>[\/vc_column][vc_column width=&#8221;1\/3&#8243;]<div class=\"flip\"><div class=\"iconbox  iconbox-style-9 icon-color-accent color-dark card clearfix\"><div class=\"iconbox-box1 face front\"><table><tr><td><i class=\"fa sl-plane boxicon\" style=\"\"><\/i><h3>TUR\u0130ZM<\/h3><\/td><\/tr><\/table><\/div><div class=\"iconbox-box2 face back\"><table><tr><td><h3>TUR\u0130ZM<\/h3><p>\n<ul>\n<li style=\"text-align: left;\"><strong><span style=\"color: #ffffff;\">Tatil Turlar\u0131<\/span><\/strong><\/li>\n<li style=\"text-align: left;\"><strong><span style=\"color: #ffffff;\">Transfer Hizmetleri<\/span><\/strong><\/li>\n<li style=\"text-align: left;\"><strong><span style=\"color: #ffffff;\">U\u00e7ak Bileti<\/span><\/strong><\/li>\n<li style=\"text-align: left;\"><strong><span style=\"color: #ffffff;\">Rehberlik Hizmetleri<\/span><\/strong><\/li>\n<li style=\"text-align: left;\"><strong><span style=\"color: #ffffff;\">Vize \u0130\u015flemleri<\/span><\/strong><\/li>\n<\/ul>\n<\/p><\/td><\/tr><\/table><\/div><\/div><\/div>[\/vc_column][\/vc_row][vc_section full_height=&#8221;yes&#8221;][vc_row type=&#8221;full_width_section&#8221; bg_color=&#8221;#232323&#8243;][vc_column width=&#8221;1\/2&#8243;]<h6 class=\"headline font-inherit fontsize-xxxxxl fontweight-inherit lh-12 align-center transform-uppercase \" style=\"margin: 140px 0 0 0; color: #9e247b;\">KURUMSAL <span style=\"color: #e8c320;\">ETK\u0130NL\u0130KLER<\/span><\/h6>[\/vc_column][vc_column width=&#8221;1\/2&#8243;]<div class=\"flexslider wpb_content_element\"><ul class=\"slides\"><li><img src=\"https:\/\/event.galatabox.com\/wp-content\/uploads\/2019\/03\/TOPLANTI-KONGRE-KONFERANS-Ho\u0300ZMETLERo\u0300-SLIDER-1-.jpg\" alt=\"\" \/><\/li><li><img src=\"https:\/\/event.galatabox.com\/wp-content\/uploads\/2019\/02\/ABZ-1.jpg\" alt=\"\" \/><\/li><li><img src=\"https:\/\/event.galatabox.com\/wp-content\/uploads\/2019\/02\/21-Kas\u0131m-2017-Marmara-Denizi-Sempozyumu-1-.jpg\" alt=\"\" \/><\/li><\/ul><\/div>[\/vc_column][\/vc_row][vc_row type=&#8221;full_width_section&#8221; bg_color=&#8221;#232323&#8243;][vc_column width=&#8221;1\/2&#8243;]<div class=\"flexslider wpb_content_element\"><ul class=\"slides\"><li><img src=\"https:\/\/event.galatabox.com\/wp-content\/uploads\/2019\/03\/Fotolia_77233781_L.jpg\" alt=\"\" \/><\/li><li><img src=\"https:\/\/event.galatabox.com\/wp-content\/uploads\/2019\/03\/Events_8-.jpg\" alt=\"\" \/><\/li><li><img src=\"https:\/\/event.galatabox.com\/wp-content\/uploads\/2019\/03\/640xauto-.jpg\" alt=\"\" \/><\/li><\/ul><\/div>[\/vc_column][vc_column width=&#8221;1\/2&#8243;]<h6 class=\"headline font-inherit fontsize-xxxxxl fontweight-inherit lh-12 align-center transform-uppercase \" style=\"margin: 99px 0 0 0; color: #9e247b;\">KONAKLAMA ve YEME-\u0130\u00c7ME <span style=\"color: #e8c320;\">ETK\u0130NL\u0130KLER\u0130<\/span><br \/>\n<\/h6>[\/vc_column][\/vc_row][vc_row type=&#8221;full_width_section&#8221; bg_color=&#8221;#232323&#8243;][vc_column width=&#8221;1\/2&#8243;]<h6 class=\"headline font-inherit fontsize-xxxxxl fontweight-inherit lh-12 align-center transform-uppercase \" style=\"margin: 170px 0 0 0; color: #9e247b;\"> <span style=\"color: #e8c320;\">TUR\u0130ZM<\/span><\/h6>[\/vc_column][vc_column width=&#8221;1\/2&#8243;]<div class=\"flexslider wpb_content_element\"><ul class=\"slides\"><li><img src=\"https:\/\/event.galatabox.com\/wp-content\/uploads\/2019\/03\/SLIDER-1-copy20190316.jpg\" alt=\"\" \/><\/li><li><img src=\"https:\/\/event.galatabox.com\/wp-content\/uploads\/2019\/03\/SLIDER-2.jpg\" alt=\"\" \/><\/li><li><img src=\"https:\/\/event.galatabox.com\/wp-content\/uploads\/2019\/03\/SLIDER-3-1.jpg\" alt=\"\" \/><\/li><\/ul><\/div>[\/vc_column][\/vc_row][\/vc_section][vc_row type=&#8221;full_width_section&#8221; bg_position=&#8221;left top&#8221;][vc_column width=&#8221;1\/1&#8243;]<div class=\"callout clearfix\" style=\"background-color:#e8c320; color:#6f2282;\">\n\t\t<div class=\"callout-text\">Yeni bir fikriniz mi var?<\/div>\n\t\t\t<div class=\"callout-button\"><a class=\"button medium color-6\" href=\"http:\/\/event.galatabox.com\/contact\/\" target=\"_self\">Hadi konu\u015fal\u0131m!<\/a><\/div>\n\t\t<\/div>[\/vc_column][\/vc_row]<\/p>","protected":false},"excerpt":{"rendered":"<p>[vc_row bg_image=&#8221;15432&#8243; top_padding=&#8221;190&#8243; bottom_padding=&#8221;100&#8243;][vc_column width=&#8221;1\/3&#8243;][\/vc_column][vc_column width=&#8221;1\/3&#8243;][\/vc_column][vc_column width=&#8221;1\/3&#8243;][\/vc_column][\/vc_row][vc_section full_height=&#8221;yes&#8221;][vc_row type=&#8221;full_width_section&#8221; bg_color=&#8221;#232323&#8243;][vc_column width=&#8221;1\/2&#8243;][\/vc_column][vc_column width=&#8221;1\/2&#8243;][\/vc_column][\/vc_row][vc_row type=&#8221;full_width_section&#8221; bg_color=&#8221;#232323&#8243;][vc_column width=&#8221;1\/2&#8243;][\/vc_column][vc_column width=&#8221;1\/2&#8243;][\/vc_column][\/vc_row][vc_row type=&#8221;full_width_section&#8221; bg_color=&#8221;#232323&#8243;][vc_column width=&#8221;1\/2&#8243;][\/vc_column][vc_column width=&#8221;1\/2&#8243;][\/vc_column][\/vc_row][\/vc_section][vc_row type=&#8221;full_width_section&#8221; bg_position=&#8221;left top&#8221;][vc_column width=&#8221;1\/1&#8243;][\/vc_column][\/vc_row]<\/p>\n","protected":false},"author":1,"featured_media":0,"parent":0,"menu_order":0,"comment_status":"open","ping_status":"open","template":"","meta":[],"_links":{"self":[{"href":"https:\/\/event.galatabox.com\/tr\/wp-json\/wp\/v2\/pages\/11366"}],"collection":[{"href":"https:\/\/event.galatabox.com\/tr\/wp-json\/wp\/v2\/pages"}],"about":[{"href":"https:\/\/event.galatabox.com\/tr\/wp-json\/wp\/v2\/types\/page"}],"author":[{"embeddable":true,"href":"https:\/\/event.galatabox.com\/tr\/wp-json\/wp\/v2\/users\/1"}],"replies":[{"embeddable":true,"href":"https:\/\/event.galatabox.com\/tr\/wp-json\/wp\/v2\/comments?post=11366"}],"version-history":[{"count":97,"href":"https:\/\/event.galatabox.com\/tr\/wp-json\/wp\/v2\/pages\/11366\/revisions"}],"predecessor-version":[{"id":15740,"href":"https:\/\/event.galatabox.com\/tr\/wp-json\/wp\/v2\/pages\/11366\/revisions\/15740"}],"wp:attachment":[{"href":"https:\/\/event.galatabox.com\/tr\/wp-json\/wp\/v2\/media?parent=11366"}],"curies":[{"name":"wp","href":"https:\/\/api.w.org\/{rel}","templated":true}]}}