{"id":4174,"date":"2019-02-20T14:04:26","date_gmt":"2019-02-20T14:04:26","guid":{"rendered":"http:\/\/localhost:8888\/themes\/novice\/?page_id=4174"},"modified":"2020-11-24T16:28:48","modified_gmt":"2020-11-24T16:28:48","slug":"etkinlik-cozumleri","status":"publish","type":"page","link":"https:\/\/event.galatabox.com\/fr\/","title":{"rendered":"Homepage"},"content":{"rendered":"<p>[vc_row type=\u00a0\u00bbfull_width_section\u00a0\u00bb bg_position=\u00a0\u00bbleft top\u00a0\u00bb][vc_column width=\u00a0\u00bb1\/1&Prime;][rev_slider_vc alias=\u00a0\u00bb2020FR\u00a0\u00bb][\/vc_column][\/vc_row][vc_row bg_color=\u00a0\u00bb#6f2282&Prime; top_padding=\u00a0\u00bb40&Prime; bottom_padding=\u00a0\u00bb40&Prime; bg_position=\u00a0\u00bbcenter top\u00a0\u00bb][vc_column animation=\u00a0\u00bbfade-in-from-top\u00a0\u00bb width=\u00a0\u00bb1\/1&Prime;][vc_column_text]<\/p>\n<h1><span style=\"color: #ffffff;\">POURQUOI GALATABOX?<\/span><\/h1>\n<h4><span style=\"color: #ffffff;\">Disposant d&rsquo;une exp\u00e9rience de 25 ans dans le secteur du tourisme, nous avons transf\u00e9r\u00e9 ce savoir sous le toit \u00ab\u00a0GALATABOX\u00a0\u00bb. Nous continuons ainsi \u00e0 r\u00e9aliser vos \u00e9v\u00e9nements avec la ferveur du premier jour.\u00a0<\/span><\/h4>\n<h4><span style=\"color: #ffffff;\">Nous mettons un point d&rsquo;honneur \u00e0 vous accompagner \u00e0 chaque \u00e9tape de la pr\u00e9paration et la finalisation de votre objectif. Nous agissons de mani\u00e8re \u00e0 r\u00e9pondre de fa\u00e7ons sp\u00e9cifique \u00e0 vos besoins, gr\u00e2ce \u00e0 une parfaite coordinations entre nos services.<\/span><\/h4>\n<p>[\/vc_column_text][\/vc_column][\/vc_row][vc_row section_arrow=\u00a0\u00bbfalse\u00a0\u00bb top_padding=\u00a0\u00bb100&Prime; bottom_padding=\u00a0\u00bb100&Prime; bg_position=\u00a0\u00bbleft top\u00a0\u00bb][vc_column animation=\u00a0\u00bbfade-in-from-top\u00a0\u00bb width=\u00a0\u00bb1\/3&Prime;]<div class=\"iconbox  wpb_content_element iconbox-style-2 icon-color-accent color-dark clearfix\"><div class=\"iconbox-icon\"><i class=\"fa sl-directions boxicon\" style=\"\"><\/i><\/div><div class=\"iconbox-content\"><h3>Notre m\u00e9thode de travail<\/h3><p>D\u00e9finitions et analyse en d\u00e9tail de vos attentes.<\/p>\n<p>Pr\u00e9paration avant mise en oeuvre.<\/p>\n<p>R\u00e9alisation.<\/p><\/div><\/div>[\/vc_column][vc_column animation=\u00a0\u00bbfade-in-from-top\u00a0\u00bb width=\u00a0\u00bb1\/3&Prime;]<div class=\"iconbox  wpb_content_element iconbox-style-2 icon-color-accent color-dark clearfix\"><div class=\"iconbox-icon\"><i class=\"fa sl-layers boxicon\" style=\"\"><\/i><\/div><div class=\"iconbox-content\"><h3>Planification<\/h3><p>Nous personnalisons chacune de vos organisations en apportant une r\u00e9ponse ad\u00e9quate \u00e0 chaque situations.<\/p><\/div><\/div>[\/vc_column][vc_column animation=\u00a0\u00bbfade-in-from-top\u00a0\u00bb width=\u00a0\u00bb1\/3&Prime;]<div class=\"iconbox  wpb_content_element iconbox-style-2 icon-color-accent color-dark clearfix\"><div class=\"iconbox-icon\"><i class=\"fa fa-check-square-o boxicon\" style=\"\"><\/i><\/div><div class=\"iconbox-content\"><h3>L&#039;offre<\/h3><p>Privil\u00e9giant les fournisseurs offrant le meilleur rapport qualit\u00e9 prix, nous sommes en mesure de faire une tarification sur mesure.<\/p><\/div><\/div>[\/vc_column][\/vc_row][vc_row section_arrow=\u00a0\u00bbfalse\u00a0\u00bb top_padding=\u00a0\u00bb-34&Prime; bottom_padding=\u00a0\u00bb100&Prime; bg_position=\u00a0\u00bbleft top\u00a0\u00bb][vc_column animation=\u00a0\u00bbfade-in-from-top\u00a0\u00bb width=\u00a0\u00bb1\/6&Prime;][\/vc_column][vc_column animation=\u00a0\u00bbfade-in-from-top\u00a0\u00bb width=\u00a0\u00bb2\/6&Prime;]<div class=\"iconbox  wpb_content_element iconbox-style-2 icon-color-accent color-dark clearfix\"><div class=\"iconbox-icon\"><i class=\"fa sl-size-actual boxicon\" style=\"\"><\/i><\/div><div class=\"iconbox-content\"><h3>Op\u00e9ration<\/h3><p>Chaque \u00e9tape de la pr\u00e9paration est examin\u00e9 soigneusement. Nous agissons de sorte que toutes les informations n\u00e9cessaires aux bon d\u00e9roulement de l&rsquo;organisation soient parfaitement diffus\u00e9es. Nous nous assurons de r\u00e9pondre \u00e0 toutes vos attentes tout au long de notre prestation.<\/p><\/div><\/div>[\/vc_column][vc_column animation=\u00a0\u00bbfade-in-from-top\u00a0\u00bb width=\u00a0\u00bb2\/6&Prime;]<div class=\"iconbox  wpb_content_element iconbox-style-2 icon-color-accent color-dark clearfix\"><div class=\"iconbox-icon\"><i class=\"fa sl-size-fullscreen boxicon\" style=\"\"><\/i><\/div><div class=\"iconbox-content\"><h3>Suivi<\/h3><p>Nous nous employons \u00e0 \u00e9valuer la satisfaction des participants par soucis constant d&rsquo;am\u00e9lioration de notre travail. Ce suivi est effectu\u00e9 pendant et apr\u00e8s l&rsquo;organisation de l&rsquo;\u00e9v\u00e9nement.<\/p><\/div><\/div>[\/vc_column][vc_column width=\u00a0\u00bb1\/6&Prime;][\/vc_column][\/vc_row][vc_row type=\u00a0\u00bbfull_width_section\u00a0\u00bb bg_color=\u00a0\u00bb#6f2282&Prime; top_padding=\u00a0\u00bb0&Prime; bottom_padding=\u00a0\u00bb0&Prime; bg_position=\u00a0\u00bbleft top\u00a0\u00bb][vc_column animation=\u00a0\u00bbfade-in-from-top\u00a0\u00bb width=\u00a0\u00bb1\/2&Prime;]<div class=\"flexslider wpb_content_element\"><ul class=\"slides\"><li><img src=\"https:\/\/event.galatabox.com\/wp-content\/uploads\/2019\/03\/GB-businesIMG_6409-1.jpg\" alt=\"\" \/><\/li><li><img src=\"https:\/\/event.galatabox.com\/wp-content\/uploads\/2019\/03\/ANA-SAYFA-SOL-ALT-SLIDER-2-1-2.jpg\" alt=\"\" \/><\/li><li><img src=\"https:\/\/event.galatabox.com\/wp-content\/uploads\/2019\/03\/ANA-SAYFA-SOL-ALT-SLIDER-1-.jpg\" alt=\"\" \/><\/li><\/ul><\/div>[\/vc_column][vc_column animation=\u00a0\u00bbfade-in-from-top\u00a0\u00bb bg_color=\u00a0\u00bb#8224e3&Prime; width=\u00a0\u00bb1\/2&Prime;]<div class=\"flexslider wpb_content_element\"><ul class=\"slides\"><li><img src=\"https:\/\/event.galatabox.com\/wp-content\/uploads\/2019\/03\/siirt-2019-03-16-1280-853.jpg\" alt=\"\" \/><\/li><li><img src=\"https:\/\/event.galatabox.com\/wp-content\/uploads\/2019\/02\/30-Kas\u0131m-2017-Alt\u0131n-Kar\u0131nca-Belediyecilik-O\u0308du\u0308lleri-1-.jpg\" alt=\"\" \/><\/li><li><img src=\"https:\/\/event.galatabox.com\/wp-content\/uploads\/2019\/02\/23-S\u0327ubat-2018-Ku\u0308reselles\u0327me-ve-Kent-Ag\u0306lar\u0131-Bulus\u0327mas\u0131-3-.jpg\" alt=\"\" \/><\/li><\/ul><\/div>[\/vc_column][\/vc_row][vc_row top_padding=\u00a0\u00bb100&Prime; bottom_padding=\u00a0\u00bb100&Prime; bg_position=\u00a0\u00bbleft top\u00a0\u00bb][vc_column animation=\u00a0\u00bbfade-in-from-top\u00a0\u00bb width=\u00a0\u00bb1\/6&Prime;][\/vc_column][vc_column width=\u00a0\u00bb2\/3&Prime;]<h5 class=\"headline font-special fontsize-xl fontweight-700 lh-inherit align-center transform-uppercase \" style=\"margin: 0 0 20px 0;\">CE QUE NOUS VOUS OFFRONS<\/h5>[vc_column_text]<\/p>\n<h4 class=\"p1\" style=\"text-align: center;\"><span style=\"color: #000000;\"><strong>Notre mission : d\u00e9livrer du conseil, une expertise m\u00e9tier et un processus rigoureux afin de concevoir le moment phare de votre communaut\u00e9 !<\/strong><\/span><\/h4>\n<p>[\/vc_column_text][\/vc_column][vc_column width=\u00a0\u00bb1\/6&Prime;][\/vc_column][\/vc_row][vc_row type=\u00a0\u00bbfull_width_section\u00a0\u00bb][vc_column width=\u00a0\u00bb1\/3&Prime;][\/vc_column][vc_column animation=\u00a0\u00bbfade-in\u00a0\u00bb text_align=\u00a0\u00bbcenter\u00a0\u00bb width=\u00a0\u00bb1\/3&Prime;][vc_column_text]<span class=\"tooltips\"><a href=\"#\" title=\"A GRUBU 11103\" onclick=\"return false\"><img loading=\"lazy\" class=\"alignnone size-full wp-image-12108\" src=\"http:\/\/event.galatabox.com\/wp-content\/uploads\/2019\/03\/TURSAB_LOGO-76PX.png\" alt=\"logo5\" width=\"117\" height=\"71\" \/><\/a><\/span>[\/vc_column_text][\/vc_column][vc_column width=\u00a0\u00bb1\/3&Prime;][\/vc_column][\/vc_row][vc_column][\/vc_column]<\/p>","protected":false},"excerpt":{"rendered":"<p>[vc_row type=\u00a0\u00bbfull_width_section\u00a0\u00bb bg_position=\u00a0\u00bbleft top\u00a0\u00bb][vc_column width=\u00a0\u00bb1\/1&Prime;][rev_slider_vc alias=\u00a0\u00bb2020FR\u00a0\u00bb][\/vc_column][\/vc_row][vc_row bg_color=\u00a0\u00bb#6f2282&Prime; top_padding=\u00a0\u00bb40&Prime; bottom_padding=\u00a0\u00bb40&Prime; bg_position=\u00a0\u00bbcenter top\u00a0\u00bb][vc_column animation=\u00a0\u00bbfade-in-from-top\u00a0\u00bb width=\u00a0\u00bb1\/1&Prime;][vc_column_text] POURQUOI GALATABOX? Disposant d&rsquo;une exp\u00e9rience de 25 ans dans le secteur du tourisme, nous avons transf\u00e9r\u00e9 ce savoir sous le toit \u00ab\u00a0GALATABOX\u00a0\u00bb. Nous continuons ainsi \u00e0 r\u00e9aliser vos \u00e9v\u00e9nements avec la ferveur du premier jour.\u00a0 Nous mettons un point d&rsquo;honneur \u00e0 vous accompagner \u00e0 chaque \u00e9tape de la pr\u00e9paration et la finalisation de votre objectif. Nous agissons de mani\u00e8re \u00e0 r\u00e9pondre de fa\u00e7ons sp\u00e9cifique \u00e0 vos besoins, gr\u00e2ce \u00e0 une parfaite coordinations entre nos services. [\/vc_column_text][\/vc_column][\/vc_row][vc_row section_arrow=\u00a0\u00bbfalse\u00a0\u00bb top_padding=\u00a0\u00bb100&Prime; bottom_padding=\u00a0\u00bb100&Prime; bg_position=\u00a0\u00bbleft top\u00a0\u00bb][vc_column animation=\u00a0\u00bbfade-in-from-top\u00a0\u00bb width=\u00a0\u00bb1\/3&Prime;][\/vc_column][vc_column animation=\u00a0\u00bbfade-in-from-top\u00a0\u00bb width=\u00a0\u00bb1\/3&Prime;][\/vc_column][vc_column animation=\u00a0\u00bbfade-in-from-top\u00a0\u00bb width=\u00a0\u00bb1\/3&Prime;][\/vc_column][\/vc_row][vc_row section_arrow=\u00a0\u00bbfalse\u00a0\u00bb top_padding=\u00a0\u00bb-34&Prime; bottom_padding=\u00a0\u00bb100&Prime; bg_position=\u00a0\u00bbleft top\u00a0\u00bb][vc_column animation=\u00a0\u00bbfade-in-from-top\u00a0\u00bb width=\u00a0\u00bb1\/6&Prime;][\/vc_column][vc_column animation=\u00a0\u00bbfade-in-from-top\u00a0\u00bb width=\u00a0\u00bb2\/6&Prime;][\/vc_column][vc_column animation=\u00a0\u00bbfade-in-from-top\u00a0\u00bb width=\u00a0\u00bb2\/6&Prime;][\/vc_column][vc_column width=\u00a0\u00bb1\/6&Prime;][\/vc_column][\/vc_row][vc_row type=\u00a0\u00bbfull_width_section\u00a0\u00bb bg_color=\u00a0\u00bb#6f2282&Prime; top_padding=\u00a0\u00bb0&Prime; bottom_padding=\u00a0\u00bb0&Prime; bg_position=\u00a0\u00bbleft top\u00a0\u00bb][vc_column animation=\u00a0\u00bbfade-in-from-top\u00a0\u00bb width=\u00a0\u00bb1\/2&Prime;][\/vc_column][vc_column animation=\u00a0\u00bbfade-in-from-top\u00a0\u00bb bg_color=\u00a0\u00bb#8224e3&Prime; width=\u00a0\u00bb1\/2&Prime;][\/vc_column][\/vc_row][vc_row top_padding=\u00a0\u00bb100&Prime; bottom_padding=\u00a0\u00bb100&Prime; bg_position=\u00a0\u00bbleft top\u00a0\u00bb][vc_column animation=\u00a0\u00bbfade-in-from-top\u00a0\u00bb width=\u00a0\u00bb1\/6&Prime;][\/vc_column][vc_column width=\u00a0\u00bb2\/3&Prime;][vc_column_text] Notre mission : d\u00e9livrer du conseil, une expertise m\u00e9tier et un processus rigoureux afin de concevoir le moment phare de votre communaut\u00e9 ! [\/vc_column_text][\/vc_column][vc_column width=\u00a0\u00bb1\/6&Prime;][\/vc_column][\/vc_row][vc_row type=\u00a0\u00bbfull_width_section\u00a0\u00bb][vc_column width=\u00a0\u00bb1\/3&Prime;][\/vc_column][vc_column animation=\u00a0\u00bbfade-in\u00a0\u00bb text_align=\u00a0\u00bbcenter\u00a0\u00bb width=\u00a0\u00bb1\/3&Prime;][vc_column_text][\/vc_column_text][\/vc_column][vc_column width=\u00a0\u00bb1\/3&Prime;][\/vc_column][\/vc_row][vc_column][\/vc_column]<\/p>\n","protected":false},"author":1,"featured_media":0,"parent":0,"menu_order":0,"comment_status":"closed","ping_status":"open","template":"","meta":[],"_links":{"self":[{"href":"https:\/\/event.galatabox.com\/fr\/wp-json\/wp\/v2\/pages\/4174"}],"collection":[{"href":"https:\/\/event.galatabox.com\/fr\/wp-json\/wp\/v2\/pages"}],"about":[{"href":"https:\/\/event.galatabox.com\/fr\/wp-json\/wp\/v2\/types\/page"}],"author":[{"embeddable":true,"href":"https:\/\/event.galatabox.com\/fr\/wp-json\/wp\/v2\/users\/1"}],"replies":[{"embeddable":true,"href":"https:\/\/event.galatabox.com\/fr\/wp-json\/wp\/v2\/comments?post=4174"}],"version-history":[{"count":88,"href":"https:\/\/event.galatabox.com\/fr\/wp-json\/wp\/v2\/pages\/4174\/revisions"}],"predecessor-version":[{"id":15739,"href":"https:\/\/event.galatabox.com\/fr\/wp-json\/wp\/v2\/pages\/4174\/revisions\/15739"}],"wp:attachment":[{"href":"https:\/\/event.galatabox.com\/fr\/wp-json\/wp\/v2\/media?parent=4174"}],"curies":[{"name":"wp","href":"https:\/\/api.w.org\/{rel}","templated":true}]}}