{"id":4174,"date":"2019-02-20T14:04:26","date_gmt":"2019-02-20T14:04:26","guid":{"rendered":"http:\/\/localhost:8888\/themes\/novice\/?page_id=4174"},"modified":"2020-11-24T16:28:48","modified_gmt":"2020-11-24T16:28:48","slug":"etkinlik-cozumleri","status":"publish","type":"page","link":"https:\/\/event.galatabox.com\/en\/","title":{"rendered":"Homepage"},"content":{"rendered":"<p>[vc_row type=&#8221;full_width_section&#8221; bg_position=&#8221;left top&#8221;][vc_column width=&#8221;1\/1&#8243;][rev_slider_vc alias=&#8221;2020en&#8221;][\/vc_column][\/vc_row][vc_row bg_color=&#8221;#6f2282&#8243; top_padding=&#8221;40&#8243; bottom_padding=&#8221;40&#8243; bg_position=&#8221;center top&#8221;][vc_column animation=&#8221;fade-in-from-top&#8221; width=&#8221;1\/1&#8243;][vc_column_text]<\/p>\n<h1><span style=\"color: #ffffff;\">WHY GALATABOX<\/span><\/h1>\n<h4><span style=\"color: #ffffff;\">We are reinterpreting our 25 years&#8217; experience in the tourism sector under the roof of &#8220;GalataBox&#8221;, we continue to perform your organizations with pleasure and excitement of the first day.<\/span><\/h4>\n<h4><span style=\"color: #ffffff;\">We feel team spirit at every stage of the organization by taking place on the same side as the institutions we serve. We can analyze your needs correctly and produce special solutions for your activities. We ensure that the message intended to be delivered in your organizations is correctly transferred to your participants.<\/span><\/h4>\n<h4 class=\"p1\"><\/h4>\n<p>[\/vc_column_text][\/vc_column][\/vc_row][vc_row section_arrow=&#8221;false&#8221; top_padding=&#8221;100&#8243; bottom_padding=&#8221;100&#8243; bg_position=&#8221;left top&#8221;][vc_column animation=&#8221;fade-in-from-top&#8221; width=&#8221;1\/3&#8243;]<div class=\"iconbox  wpb_content_element iconbox-style-2 icon-color-accent color-dark clearfix\"><div class=\"iconbox-icon\"><i class=\"fa sl-directions boxicon\" style=\"\"><\/i><\/div><div class=\"iconbox-content\"><h3>Job Description<\/h3><p>We learn all the details of the organization you need and analyze exactly what you need.<\/p><\/div><\/div>[\/vc_column][vc_column animation=&#8221;fade-in-from-top&#8221; width=&#8221;1\/3&#8243;]<div class=\"iconbox  wpb_content_element iconbox-style-2 icon-color-accent color-dark clearfix\"><div class=\"iconbox-icon\"><i class=\"fa sl-layers boxicon\" style=\"\"><\/i><\/div><div class=\"iconbox-content\"><h3>Planning<\/h3><p>By creating the organization scenario, we determine the most effective solution for you.<\/p><\/div><\/div>[\/vc_column][vc_column animation=&#8221;fade-in-from-top&#8221; width=&#8221;1\/3&#8243;]<div class=\"iconbox  wpb_content_element iconbox-style-2 icon-color-accent color-dark clearfix\"><div class=\"iconbox-icon\"><i class=\"fa fa-check-square-o boxicon\" style=\"\"><\/i><\/div><div class=\"iconbox-content\"><h3>Creating an Offer<\/h3><p>We establish an organization \/ price balance by contacting suitable suppliers.<\/p><\/div><\/div>[\/vc_column][\/vc_row][vc_row section_arrow=&#8221;false&#8221; top_padding=&#8221;-34&#8243; bottom_padding=&#8221;100&#8243; bg_position=&#8221;left top&#8221;][vc_column animation=&#8221;fade-in-from-top&#8221; width=&#8221;1\/6&#8243;][\/vc_column][vc_column animation=&#8221;fade-in-from-top&#8221; width=&#8221;2\/6&#8243;]<div class=\"iconbox  wpb_content_element iconbox-style-2 icon-color-accent color-dark clearfix\"><div class=\"iconbox-icon\"><i class=\"fa sl-size-actual boxicon\" style=\"\"><\/i><\/div><div class=\"iconbox-content\"><h3>Operation<\/h3><p>Before the start of the organization, we ensure that the preparations are completed, the flow is perfectly functioning during the meeting, and the possible additional needs are met fully and completely.<\/p><\/div><\/div>[\/vc_column][vc_column animation=&#8221;fade-in-from-top&#8221; width=&#8221;2\/6&#8243;]<div class=\"iconbox  wpb_content_element iconbox-style-2 icon-color-accent color-dark clearfix\"><div class=\"iconbox-icon\"><i class=\"fa sl-size-fullscreen boxicon\" style=\"\"><\/i><\/div><div class=\"iconbox-content\"><h3>Follow-up<\/h3><p>After the organization, we evaluate the feedback of the guests in the most serious way and make necessary preparations for the next organizations.<\/p><\/div><\/div>[\/vc_column][vc_column width=&#8221;1\/6&#8243;][\/vc_column][\/vc_row][vc_row type=&#8221;full_width_section&#8221; bg_color=&#8221;#6f2282&#8243; top_padding=&#8221;0&#8243; bottom_padding=&#8221;0&#8243; bg_position=&#8221;left top&#8221;][vc_column animation=&#8221;fade-in-from-top&#8221; width=&#8221;1\/2&#8243;]<div class=\"flexslider wpb_content_element\"><ul class=\"slides\"><li><img src=\"https:\/\/event.galatabox.com\/wp-content\/uploads\/2019\/03\/GB-businesIMG_6409-1.jpg\" alt=\"\" \/><\/li><li><img src=\"https:\/\/event.galatabox.com\/wp-content\/uploads\/2019\/03\/ANA-SAYFA-SOL-ALT-SLIDER-2-1-2.jpg\" alt=\"\" \/><\/li><li><img src=\"https:\/\/event.galatabox.com\/wp-content\/uploads\/2019\/03\/ANA-SAYFA-SOL-ALT-SLIDER-1-.jpg\" alt=\"\" \/><\/li><\/ul><\/div>[\/vc_column][vc_column animation=&#8221;fade-in-from-top&#8221; bg_color=&#8221;#8224e3&#8243; width=&#8221;1\/2&#8243;]<div class=\"flexslider wpb_content_element\"><ul class=\"slides\"><li><img src=\"https:\/\/event.galatabox.com\/wp-content\/uploads\/2019\/03\/siirt-2019-03-16-1280-853.jpg\" alt=\"\" \/><\/li><li><img src=\"https:\/\/event.galatabox.com\/wp-content\/uploads\/2019\/02\/30-Kas\u0131m-2017-Alt\u0131n-Kar\u0131nca-Belediyecilik-O\u0308du\u0308lleri-1-.jpg\" alt=\"\" \/><\/li><li><img src=\"https:\/\/event.galatabox.com\/wp-content\/uploads\/2019\/03\/ANA-SAYFA-SA\u00b6-ALT-SLIDER-2-.jpg\" alt=\"\" \/><\/li><\/ul><\/div>[\/vc_column][\/vc_row][vc_row top_padding=&#8221;100&#8243; bottom_padding=&#8221;100&#8243; bg_position=&#8221;left top&#8221;][vc_column animation=&#8221;fade-in-from-top&#8221; width=&#8221;1\/6&#8243;][\/vc_column][vc_column width=&#8221;2\/3&#8243;]<h5 class=\"headline font-special fontsize-xl fontweight-700 lh-inherit align-center transform-uppercase \" style=\"margin: 0 0 20px 0;\">WHAT WE OFFER<\/h5>[vc_column_text]<\/p>\n<h4 style=\"text-align: center;\"><span style=\"color: #000000;\">We are only focusing on your business, following an organization agenda where we carry responsibility in every phase, we offer the ideal organization environment for you.<\/span><\/h4>\n<p>[\/vc_column_text][\/vc_column][vc_column width=&#8221;1\/6&#8243;][\/vc_column][\/vc_row][vc_row type=&#8221;full_width_section&#8221;][vc_column width=&#8221;1\/3&#8243;][\/vc_column][vc_column animation=&#8221;fade-in&#8221; text_align=&#8221;center&#8221; width=&#8221;1\/3&#8243;][vc_column_text]<span class=\"tooltips\"><a href=\"#\" title=\"A GRUBU 11103\" onclick=\"return false\"><img loading=\"lazy\" class=\"alignnone size-full wp-image-12108\" src=\"http:\/\/event.galatabox.com\/wp-content\/uploads\/2019\/03\/TURSAB_LOGO-76PX.png\" alt=\"logo5\" width=\"117\" height=\"71\" \/><\/a><\/span>[\/vc_column_text][\/vc_column][vc_column width=&#8221;1\/3&#8243;][\/vc_column][\/vc_row][vc_column][\/vc_column]<\/p>","protected":false},"excerpt":{"rendered":"<p>[vc_row type=&#8221;full_width_section&#8221; bg_position=&#8221;left top&#8221;][vc_column width=&#8221;1\/1&#8243;][rev_slider_vc alias=&#8221;2020en&#8221;][\/vc_column][\/vc_row][vc_row bg_color=&#8221;#6f2282&#8243; top_padding=&#8221;40&#8243; bottom_padding=&#8221;40&#8243; bg_position=&#8221;center top&#8221;][vc_column animation=&#8221;fade-in-from-top&#8221; width=&#8221;1\/1&#8243;][vc_column_text] WHY GALATABOX We are reinterpreting our 25 years&#8217; experience in the tourism sector under the roof of &#8220;GalataBox&#8221;, we continue to perform your organizations with pleasure and excitement of the first day. We feel team spirit at every stage of the organization by taking place on the same side as the institutions we serve. We can analyze your needs correctly and produce special solutions for your activities. We ensure that the message intended to be delivered in your organizations is correctly transferred to your participants. [\/vc_column_text][\/vc_column][\/vc_row][vc_row section_arrow=&#8221;false&#8221; top_padding=&#8221;100&#8243; bottom_padding=&#8221;100&#8243; bg_position=&#8221;left top&#8221;][vc_column animation=&#8221;fade-in-from-top&#8221; width=&#8221;1\/3&#8243;][\/vc_column][vc_column animation=&#8221;fade-in-from-top&#8221; width=&#8221;1\/3&#8243;][\/vc_column][vc_column animation=&#8221;fade-in-from-top&#8221; width=&#8221;1\/3&#8243;][\/vc_column][\/vc_row][vc_row section_arrow=&#8221;false&#8221; top_padding=&#8221;-34&#8243; bottom_padding=&#8221;100&#8243; bg_position=&#8221;left top&#8221;][vc_column animation=&#8221;fade-in-from-top&#8221; width=&#8221;1\/6&#8243;][\/vc_column][vc_column animation=&#8221;fade-in-from-top&#8221; width=&#8221;2\/6&#8243;][\/vc_column][vc_column animation=&#8221;fade-in-from-top&#8221; width=&#8221;2\/6&#8243;][\/vc_column][vc_column width=&#8221;1\/6&#8243;][\/vc_column][\/vc_row][vc_row type=&#8221;full_width_section&#8221; bg_color=&#8221;#6f2282&#8243; top_padding=&#8221;0&#8243; bottom_padding=&#8221;0&#8243; bg_position=&#8221;left top&#8221;][vc_column animation=&#8221;fade-in-from-top&#8221; width=&#8221;1\/2&#8243;][\/vc_column][vc_column animation=&#8221;fade-in-from-top&#8221; bg_color=&#8221;#8224e3&#8243; width=&#8221;1\/2&#8243;][\/vc_column][\/vc_row][vc_row top_padding=&#8221;100&#8243; bottom_padding=&#8221;100&#8243; bg_position=&#8221;left top&#8221;][vc_column animation=&#8221;fade-in-from-top&#8221; width=&#8221;1\/6&#8243;][\/vc_column][vc_column width=&#8221;2\/3&#8243;][vc_column_text] We are only focusing on your business, following an organization agenda where we carry responsibility in every phase, we offer the ideal organization environment for you. [\/vc_column_text][\/vc_column][vc_column width=&#8221;1\/6&#8243;][\/vc_column][\/vc_row][vc_row type=&#8221;full_width_section&#8221;][vc_column width=&#8221;1\/3&#8243;][\/vc_column][vc_column animation=&#8221;fade-in&#8221; text_align=&#8221;center&#8221; width=&#8221;1\/3&#8243;][vc_column_text][\/vc_column_text][\/vc_column][vc_column width=&#8221;1\/3&#8243;][\/vc_column][\/vc_row][vc_column][\/vc_column]<\/p>\n","protected":false},"author":1,"featured_media":0,"parent":0,"menu_order":0,"comment_status":"closed","ping_status":"open","template":"","meta":[],"_links":{"self":[{"href":"https:\/\/event.galatabox.com\/en\/wp-json\/wp\/v2\/pages\/4174"}],"collection":[{"href":"https:\/\/event.galatabox.com\/en\/wp-json\/wp\/v2\/pages"}],"about":[{"href":"https:\/\/event.galatabox.com\/en\/wp-json\/wp\/v2\/types\/page"}],"author":[{"embeddable":true,"href":"https:\/\/event.galatabox.com\/en\/wp-json\/wp\/v2\/users\/1"}],"replies":[{"embeddable":true,"href":"https:\/\/event.galatabox.com\/en\/wp-json\/wp\/v2\/comments?post=4174"}],"version-history":[{"count":88,"href":"https:\/\/event.galatabox.com\/en\/wp-json\/wp\/v2\/pages\/4174\/revisions"}],"predecessor-version":[{"id":15739,"href":"https:\/\/event.galatabox.com\/en\/wp-json\/wp\/v2\/pages\/4174\/revisions\/15739"}],"wp:attachment":[{"href":"https:\/\/event.galatabox.com\/en\/wp-json\/wp\/v2\/media?parent=4174"}],"curies":[{"name":"wp","href":"https:\/\/api.w.org\/{rel}","templated":true}]}}