{"id":4982,"date":"2019-02-19T16:32:51","date_gmt":"2019-02-19T16:32:51","guid":{"rendered":"http:\/\/localhost:8888\/themes\/ventory\/?page_id=4982"},"modified":"2020-11-24T16:36:57","modified_gmt":"2020-11-24T16:36:57","slug":"contact","status":"publish","type":"page","link":"http:\/\/event.galatabox.com\/fr\/contact\/","title":{"rendered":"Contact"},"content":{"rendered":"<p>[vc_row bg_color=\u00a0\u00bb#6f2282&Prime; text_color=\u00a0\u00bblight\u00a0\u00bb top_padding=\u00a0\u00bb200&Prime; bottom_padding=\u00a0\u00bb110&Prime; bg_position=\u00a0\u00bbcenter center\u00a0\u00bb][vc_column animation=\u00a0\u00bbfade-in-from-right\u00a0\u00bb width=\u00a0\u00bb1\/1&Prime;]<div class=\"headline font-special fontsize-m fontweight-700 lh-inherit align-left transform-uppercase \" style=\"margin: 0; color: rgba(255,255,255,0.6);\">GET IN TOUCH<\/div><h1 class=\"headline font-special fontsize-xxxxl fontweight-700 lh-12 align-left transform-uppercase \" style=\"margin: 0;\">NETWORKING OR NOT WORKING!<br \/>\n<\/h1>[\/vc_column][\/vc_row][vc_row top_padding=\u00a0\u00bb80&Prime; bottom_padding=\u00a0\u00bb80&Prime; bg_position=\u00a0\u00bbleft top\u00a0\u00bb][vc_column animation=\u00a0\u00bbfade-in-from-left\u00a0\u00bb width=\u00a0\u00bb1\/2&Prime;]<h2 class=\"headline font-special fontsize-m fontweight-700 lh-inherit align-left transform-uppercase \" style=\"margin: 0 0 20px 0;\">COMMUNICATION<\/h2>[vc_column_text]<\/p>\n<div class=\"wpb_text_column wpb_content_element \">\n<div class=\"wpb_wrapper\">\n<p>Vous pouvez nous joindre soit en utilisant le formulaire de contact de notre site internet, ou bien en utilisant l\u2019application \u201cWhatsaap\u201d, mais aussi via les r\u00e9seaux sociaux.<\/p>\n<p>En tant que\u00a0<strong>Galatabox<\/strong>, nous mettons un point d\u2019honneur \u00e0 r\u00e9pondre \u00e0 vos besoins en communications imprim\u00e9e.<\/p>\n<\/div>\n<\/div>\n<p>[\/vc_column_text]<div role=\"form\" class=\"wpcf7\" id=\"wpcf7-f15666-o3\" lang=\"tr-TR\" dir=\"ltr\">\n<div class=\"screen-reader-response\"><\/div>\n<form action=\"\/fr\/wp-json\/wp\/v2\/pages\/4982#wpcf7-f15666-o3\" method=\"post\" class=\"wpcf7-form\" novalidate=\"novalidate\">\n<div style=\"display: none;\">\n<input type=\"hidden\" name=\"_wpcf7\" value=\"15666\" \/>\n<input type=\"hidden\" name=\"_wpcf7_version\" value=\"5.1.3\" \/>\n<input type=\"hidden\" name=\"_wpcf7_locale\" value=\"tr_TR\" \/>\n<input type=\"hidden\" name=\"_wpcf7_unit_tag\" value=\"wpcf7-f15666-o3\" \/>\n<input type=\"hidden\" name=\"_wpcf7_container_post\" value=\"0\" \/>\n<\/div>\n<p>Your Name (required)<br \/>\n    <span class=\"wpcf7-form-control-wrap your-name\"><input type=\"text\" name=\"your-name\" value=\"\" size=\"40\" class=\"wpcf7-form-control wpcf7-text wpcf7-validates-as-required\" aria-required=\"true\" aria-invalid=\"false\" \/><\/span> <\/p>\n<p>Your Email (required)<br \/>\n    <span class=\"wpcf7-form-control-wrap your-email\"><input type=\"email\" name=\"your-email\" value=\"\" size=\"40\" class=\"wpcf7-form-control wpcf7-text wpcf7-email wpcf7-validates-as-required wpcf7-validates-as-email\" aria-required=\"true\" aria-invalid=\"false\" \/><\/span> <\/p>\n<p>Subject<br \/>\n    <span class=\"wpcf7-form-control-wrap your-subject\"><input type=\"text\" name=\"your-subject\" value=\"\" size=\"40\" class=\"wpcf7-form-control wpcf7-text\" aria-invalid=\"false\" \/><\/span> <\/p>\n<p>Your Message<br \/>\n    <span class=\"wpcf7-form-control-wrap your-message\"><textarea name=\"your-message\" cols=\"40\" rows=\"10\" class=\"wpcf7-form-control wpcf7-textarea\" aria-invalid=\"false\"><\/textarea><\/span> <\/p>\n<p><input type=\"submit\" value=\"Send\" class=\"wpcf7-form-control wpcf7-submit\" \/><\/p>\n<div class=\"wpcf7-response-output wpcf7-display-none\"><\/div><\/form><\/div>[\/vc_column][vc_column animation=\u00a0\u00bbfade-in-from-right\u00a0\u00bb width=\u00a0\u00bb1\/2&Prime;][vc_column_text]<iframe src=\"https:\/\/www.google.com\/maps\/d\/embed?mid=1SeITsGxaNspMdmjQcko9jfb5z1mFFX9S\" width=\"100%\" height=\"390\"><\/iframe>[\/vc_column_text]<div class=\"spacer\" style=\"height: 45px;\"><\/div><h2 class=\"headline font-special fontsize-m fontweight-700 lh-inherit align-left transform-uppercase \" style=\"margin: 0 0 0px 0;\">NOUS CONTACTER<br \/>\n<\/h2>[vc_column_text]<\/p>\n<p class=\"p1\"><span class=\"s1\">Cumhuriyet Mahallesi, Halaskargazi Caddesi, No: 125 Kat: 3, 34380 \u015ei\u015fli \u2013 \u0130stanbul \/ Turkey<\/span><\/p>\n<p><span style=\"color: #6f2282;\"><strong>Office Phone<\/strong> :<\/span> 90 212 809 60 13\u00a0 &#8211;\u00a0 <span style=\"color: #6f2282;\"><strong>GSM<\/strong>:<\/span> 90 533 474 93 45<br \/>\n<span style=\"color: #9e247b;\"><span style=\"color: #6f2282;\"><strong>E-Mail<\/strong> :<\/span><span style=\"color: #000000;\">\u00a0<\/span><\/span><span style=\"color: #000000;\"><a style=\"color: #000000;\" href=\"mailto:info@galatabox.com\">info@galatabox.com<\/a><\/span>[\/vc_column_text][vc_column_text]<div class=\"social-icon social-big\"><a href=\"https:\/\/wa.me\/&lt;+905334749345&gt;\" target=\"_blank\" title=\"\"><i class=\"fa fa-whatsapp\"><\/i><\/a><\/div><div class=\"social-icon social-big\"><a href=\"https:\/\/www.instagram.com\/galatabox_event_congress_\/\" target=\"_blank\" title=\"\"><i class=\"fa fa-instagram\"><\/i><\/a><\/div><div class=\"social-icon social-big\"><a href=\"https:\/\/linkedin.com\/in\/idil-oskay-pek\u00f6z-10288b22\" target=\"_blank\" title=\"\"><i class=\"fa fa-linkedin\"><\/i><\/a><\/div><div class=\"social-icon social-big\"><a href=\"https:\/\/www.youtube.com\/channel\/UCITsdr_wXO_M_j9pjFavSyg\/featured?disable_polymer=1\" target=\"_blank\" title=\"\"><i class=\"fa fa-youtube\"><\/i><\/a><\/div><div class=\"clear\"><\/div>[\/vc_column_text][\/vc_column][\/vc_row]<\/p>","protected":false},"excerpt":{"rendered":"<p>[vc_row bg_color=\u00a0\u00bb#6f2282&Prime; text_color=\u00a0\u00bblight\u00a0\u00bb top_padding=\u00a0\u00bb200&Prime; bottom_padding=\u00a0\u00bb110&Prime; bg_position=\u00a0\u00bbcenter center\u00a0\u00bb][vc_column animation=\u00a0\u00bbfade-in-from-right\u00a0\u00bb width=\u00a0\u00bb1\/1&Prime;][\/vc_column][\/vc_row][vc_row top_padding=\u00a0\u00bb80&Prime; bottom_padding=\u00a0\u00bb80&Prime; bg_position=\u00a0\u00bbleft top\u00a0\u00bb][vc_column animation=\u00a0\u00bbfade-in-from-left\u00a0\u00bb width=\u00a0\u00bb1\/2&Prime;][vc_column_text] Vous pouvez nous joindre soit en utilisant le formulaire de contact de notre site internet, ou bien en utilisant l\u2019application \u201cWhatsaap\u201d, mais aussi via les r\u00e9seaux sociaux. En tant que\u00a0Galatabox, nous mettons un point d\u2019honneur \u00e0 r\u00e9pondre \u00e0 vos besoins en communications imprim\u00e9e. [\/vc_column_text][\/vc_column][vc_column animation=\u00a0\u00bbfade-in-from-right\u00a0\u00bb width=\u00a0\u00bb1\/2&Prime;][vc_column_text][\/vc_column_text][vc_column_text] Cumhuriyet Mahallesi, Halaskargazi Caddesi, No: 125 Kat: 3, 34380 \u015ei\u015fli \u2013 \u0130stanbul \/ Turkey Office Phone : 90 212 809 60 13\u00a0 &#8211;\u00a0 GSM: 90 533 474 93 45 E-Mail :\u00a0info@galatabox.com[\/vc_column_text][vc_column_text][\/vc_column_text][\/vc_column][\/vc_row]<\/p>\n","protected":false},"author":1,"featured_media":0,"parent":0,"menu_order":0,"comment_status":"open","ping_status":"closed","template":"","meta":[],"_links":{"self":[{"href":"http:\/\/event.galatabox.com\/fr\/wp-json\/wp\/v2\/pages\/4982"}],"collection":[{"href":"http:\/\/event.galatabox.com\/fr\/wp-json\/wp\/v2\/pages"}],"about":[{"href":"http:\/\/event.galatabox.com\/fr\/wp-json\/wp\/v2\/types\/page"}],"author":[{"embeddable":true,"href":"http:\/\/event.galatabox.com\/fr\/wp-json\/wp\/v2\/users\/1"}],"replies":[{"embeddable":true,"href":"http:\/\/event.galatabox.com\/fr\/wp-json\/wp\/v2\/comments?post=4982"}],"version-history":[{"count":25,"href":"http:\/\/event.galatabox.com\/fr\/wp-json\/wp\/v2\/pages\/4982\/revisions"}],"predecessor-version":[{"id":15741,"href":"http:\/\/event.galatabox.com\/fr\/wp-json\/wp\/v2\/pages\/4982\/revisions\/15741"}],"wp:attachment":[{"href":"http:\/\/event.galatabox.com\/fr\/wp-json\/wp\/v2\/media?parent=4982"}],"curies":[{"name":"wp","href":"https:\/\/api.w.org\/{rel}","templated":true}]}}